{"id":4589,"date":"2024-05-06T21:26:14","date_gmt":"2024-05-07T01:26:14","guid":{"rendered":"https:\/\/www.sherlock.ca\/contact\/"},"modified":"2026-01-06T16:32:36","modified_gmt":"2026-01-06T21:32:36","slug":"contact","status":"publish","type":"page","link":"https:\/\/www.sherlock.ca\/en\/contact\/","title":{"rendered":"Contact"},"content":{"rendered":"<section class=\"form \" id=\"contact-form\">\r\n    <div class=\"wrapper\">\r\n        <div class=\"row\">\r\n            <div class=\"content col-xxl-5 col-lg-12\">\r\n                <div class=\"intro-section\">\r\n                                        <div class=\"text-content\">\r\n                                                                            <div class=\"wysi\">\r\n                                <p>Do you have a question or simply want to share your experience with Sherlock? Do not hesitate to let us know by filling out this contact form.<\/p>\n<p>For any request to check the quality of your Sherlock Intensive Antitheft Marking<sup>MD<\/sup>, fill out the form <a href=\"https:\/\/www.sherlock.ca\/en\/contact\/#request-quality-control\">below<\/a>.<\/p>\n                            <\/div>\r\n                                            <\/div>\r\n                <\/div>\r\n                <div class=\"infos-list row\">                        <div class=\"contact-infos col-xxl-6 col-sm-12\">\r\n                            <h3 class=\"subtitle\">Phone<\/h3>\r\n                            <div class=\"wysi\"><p><a href=\"tel:5148612761\">514 861-2761<\/a><br \/>\n<a href=\"tel:+18003610711\">1 800 361-0711<\/a><\/p>\n<\/div>\r\n                        <\/div>\r\n                                            <div class=\"contact-infos col-xxl-6 col-sm-12\">\r\n                            <h3 class=\"subtitle\">Email address<\/h3>\r\n                            <div class=\"wysi\"><p><a href=\"mailto:info@sherlock.ca\" target=\"_blank\" rel=\"noopener\">info@sherlock.ca<\/a><\/p>\n<\/div>\r\n                        <\/div>\r\n                                            <div class=\"contact-infos col-xxl-6 col-sm-12\">\r\n                            <h3 class=\"subtitle\">Address<\/h3>\r\n                            <div class=\"wysi\"><p><a href=\"https:\/\/www.google.com\/maps\/place\/440+Rue+Sainte-H\u00e9l\u00e8ne,+Longueuil,+QC+J4K+3R2\/@45.521948,-73.5126077,16z\/data=!3m1!4b1!4m6!3m5!1s0x4cc91b3e0a274b69:0x878b7f6bbe7cc5a2!8m2!3d45.521948!4d-73.5126077!16s%2Fg%2F11c1j7y0p9?entry=ttu\" target=\"_blank\" rel=\"noopener\">440, rue Ste-H\u00e9l\u00e8ne, Longueuil (Qu\u00e9bec) J4K 3R2<\/a><\/p>\n<\/div>\r\n                        <\/div>\r\n                                            <div class=\"contact-infos col-xxl-6 col-sm-12\">\r\n                            <h3 class=\"subtitle\">Follow us<\/h3>\r\n                            <div class=\"wysi\"><p><a href=\"https:\/\/www.linkedin.com\/company\/marquage-antivol-sherlock-inc.\/\">LinkedIn<\/a><\/p>\n<\/div>\r\n                        <\/div>\r\n                    <\/div>            <\/div>\r\n            <div class=\"form-part col-xxl-6 col-xxl-offset-1 col-xl-7 col-xl-offset-0 col-lg-12\">\r\n                \n<div class=\"wpcf7 no-js\" id=\"wpcf7-f1214-o1\" lang=\"en-US\" dir=\"ltr\">\n<div class=\"screen-reader-response\"><p role=\"status\" aria-live=\"polite\" aria-atomic=\"true\"><\/p> <ul><\/ul><\/div>\n<form action=\"\/en\/wp-json\/wp\/v2\/pages\/4589#wpcf7-f1214-o1\" method=\"post\" class=\"wpcf7-form init\" aria-label=\"Contact form\" novalidate=\"novalidate\" data-status=\"init\">\n<div style=\"display: none;\">\n<input type=\"hidden\" name=\"_wpcf7\" value=\"1214\" \/>\n<input type=\"hidden\" name=\"_wpcf7_version\" value=\"5.9.6\" \/>\n<input type=\"hidden\" name=\"_wpcf7_locale\" value=\"en_US\" \/>\n<input type=\"hidden\" name=\"_wpcf7_unit_tag\" value=\"wpcf7-f1214-o1\" \/>\n<input type=\"hidden\" name=\"_wpcf7_container_post\" value=\"0\" \/>\n<input type=\"hidden\" name=\"_wpcf7_posted_data_hash\" value=\"\" \/>\n<input type=\"hidden\" name=\"_wpcf7_recaptcha_response\" value=\"\" \/>\n<\/div>\n<p><label> Full name*<br \/>\n<span class=\"wpcf7-form-control-wrap\" data-name=\"your-name\"><input size=\"40\" maxlength=\"80\" class=\"wpcf7-form-control wpcf7-text wpcf7-validates-as-required\" autocomplete=\"name\" aria-required=\"true\" aria-invalid=\"false\" value=\"\" type=\"text\" name=\"your-name\" \/><\/span> <\/label>\n<\/p>\n<p><label> Email*<br \/>\n<span class=\"wpcf7-form-control-wrap\" data-name=\"your-email\"><input size=\"40\" maxlength=\"80\" class=\"wpcf7-form-control wpcf7-email wpcf7-validates-as-required wpcf7-text wpcf7-validates-as-email\" autocomplete=\"email\" aria-required=\"true\" aria-invalid=\"false\" value=\"\" type=\"email\" name=\"your-email\" \/><\/span> <\/label>\n<\/p>\n<p><label> Phone*<br \/>\n<span class=\"wpcf7-form-control-wrap\" data-name=\"your-phone\"><input size=\"40\" maxlength=\"80\" class=\"wpcf7-form-control wpcf7-tel wpcf7-validates-as-required wpcf7-text wpcf7-validates-as-tel\" autocomplete=\"tel\" aria-required=\"true\" aria-invalid=\"false\" value=\"\" type=\"tel\" name=\"your-phone\" \/><\/span> <\/label>\n<\/p>\n<p><label> Subject*<br \/>\n<span class=\"wpcf7-form-control-wrap\" data-name=\"your-subject\"><input size=\"40\" maxlength=\"80\" class=\"wpcf7-form-control wpcf7-text wpcf7-validates-as-required\" aria-required=\"true\" aria-invalid=\"false\" value=\"\" type=\"text\" name=\"your-subject\" \/><\/span> <\/label>\n<\/p>\n<p><label> Message*<br \/>\n<span class=\"wpcf7-form-control-wrap\" data-name=\"your-message\"><textarea cols=\"40\" rows=\"10\" maxlength=\"400\" class=\"wpcf7-form-control wpcf7-textarea wpcf7-validates-as-required\" aria-required=\"true\" aria-invalid=\"false\" name=\"your-message\"><\/textarea><\/span> <\/label>\n<\/p>\n<p><input class=\"wpcf7-form-control wpcf7-submit has-spinner\" type=\"submit\" value=\"Send\" \/>\n<\/p><div class=\"wpcf7-response-output\" aria-hidden=\"true\"><\/div>\n<\/form>\n<\/div>\n            <\/div>\r\n        <\/div>\r\n    <\/div>\r\n<\/section>\n\n<section class=\"form dif-bg grey-bg\" id=\"request-quality-control\">\r\n    <div class=\"wrapper\">\r\n        <div class=\"row\">\r\n            <div class=\"content col-xxl-5 col-lg-12\">\r\n                <div class=\"intro-section\">\r\n                                            <h3 class=\"subtitle\">Intensive Antitheft Marking<\/h3>\r\n                                        <div class=\"text-content\">\r\n                                                    <h2>Request for quality control<\/h2>\r\n                                                                            <div class=\"wysi\">\r\n                                <p>At Sherlock, 1% of marked vehicles are systematically reviewed by our quality control team. The vehicle is thoroughly examined so that our experts can ensure that it has been marked according to standards. Our distribution and installation network also benefits from continuous training, which allows them to ensure impeccable marking.<\/p>\n<p>Would you like our quality control team to check your Sherlock Intensive Antitheft Marking<sup>MD<\/sup>? Fill out this form.<\/p>\n<p>For any other information request, fill out the form <a href=\"https:\/\/www.sherlock.ca\/en\/contact\/#contact-form\">above<\/a>.<\/p>\n                            <\/div>\r\n                                            <\/div>\r\n                <\/div>\r\n                            <\/div>\r\n            <div class=\"form-part col-xxl-6 col-xxl-offset-1 col-xl-7 col-xl-offset-0 col-lg-12\">\r\n                \n<div class=\"wpcf7 no-js\" id=\"wpcf7-f5241-o2\" lang=\"en-US\" dir=\"ltr\">\n<div class=\"screen-reader-response\"><p role=\"status\" aria-live=\"polite\" aria-atomic=\"true\"><\/p> <ul><\/ul><\/div>\n<form action=\"\/en\/wp-json\/wp\/v2\/pages\/4589#wpcf7-f5241-o2\" method=\"post\" class=\"wpcf7-form init\" aria-label=\"Contact form\" novalidate=\"novalidate\" data-status=\"init\">\n<div style=\"display: none;\">\n<input type=\"hidden\" name=\"_wpcf7\" value=\"5241\" \/>\n<input type=\"hidden\" name=\"_wpcf7_version\" value=\"5.9.6\" \/>\n<input type=\"hidden\" name=\"_wpcf7_locale\" value=\"en_US\" \/>\n<input type=\"hidden\" name=\"_wpcf7_unit_tag\" value=\"wpcf7-f5241-o2\" \/>\n<input type=\"hidden\" name=\"_wpcf7_container_post\" value=\"0\" \/>\n<input type=\"hidden\" name=\"_wpcf7_posted_data_hash\" value=\"\" \/>\n<input type=\"hidden\" name=\"_wpcf7_recaptcha_response\" value=\"\" \/>\n<\/div>\n<p><label> Full name<br \/>\n<span class=\"wpcf7-form-control-wrap\" data-name=\"your-name\"><input size=\"40\" maxlength=\"80\" class=\"wpcf7-form-control wpcf7-text wpcf7-validates-as-required\" autocomplete=\"name\" aria-required=\"true\" aria-invalid=\"false\" value=\"\" type=\"text\" name=\"your-name\" \/><\/span> <\/label>\n<\/p>\n<p><label> Email address<br \/>\n<span class=\"wpcf7-form-control-wrap\" data-name=\"your-email\"><input size=\"40\" maxlength=\"80\" class=\"wpcf7-form-control wpcf7-email wpcf7-validates-as-required wpcf7-text wpcf7-validates-as-email\" autocomplete=\"email\" aria-required=\"true\" aria-invalid=\"false\" value=\"\" type=\"email\" name=\"your-email\" \/><\/span> <\/label>\n<\/p>\n<p><label> Phone<br \/>\n<span class=\"wpcf7-form-control-wrap\" data-name=\"phone-number\"><input size=\"40\" maxlength=\"80\" class=\"wpcf7-form-control wpcf7-tel wpcf7-validates-as-required wpcf7-text wpcf7-validates-as-tel\" aria-required=\"true\" aria-invalid=\"false\" value=\"\" type=\"tel\" name=\"phone-number\" \/><\/span><br \/>\n<\/label>\n<\/p>\n<p><label> Marking number<br \/>\n<span class=\"wpcf7-form-control-wrap\" data-name=\"marking-number\"><input size=\"40\" maxlength=\"80\" class=\"wpcf7-form-control wpcf7-text wpcf7-validates-as-required\" aria-required=\"true\" aria-invalid=\"false\" value=\"\" type=\"text\" name=\"marking-number\" \/><\/span><\/label>\n<\/p>\n<p><input class=\"wpcf7-form-control wpcf7-submit has-spinner\" type=\"submit\" value=\"Send\" \/>\n<\/p><div class=\"wpcf7-response-output\" aria-hidden=\"true\"><\/div>\n<\/form>\n<\/div>\n            <\/div>\r\n        <\/div>\r\n    <\/div>\r\n<\/section>\n\n<section class=\"cta-banner banner\">\r\n\t<div class=\"img-bg\">\r\n\t\t<img decoding=\"async\" src=\"https:\/\/www.sherlock.ca\/wp-content\/uploads\/2024\/05\/bg_img_3.jpg\" alt=\"\" class='ratio-image'>\r\n\t\t<div class=\"black-overlay\"><\/div>\r\n\t<\/div>\r\n\t<div class=\"wrapper\">\r\n\t\t<div class=\"row\">\r\n\t\t\t<div class=\"col-xxl-6 col-xl-8 col-lg-12\">\r\n\t\t\t\t<h3 class=\"subtitle\">FAQ<\/h3>\r\n\t\t\t\t<h2>Do you have questions about one of our products?<\/h2>\r\n\t\t\t\t<div class=\"wysi\">\r\n\t\t\t\t\t<p>We have compiled a list of the most frequently asked questions by consumers. If however you do not find the answer to your question, do not hesitate, contact us!<\/p>\n<p><a class=\"main-cta\" href=\"https:\/\/www.sherlock.ca\/en\/faq\/\">Consult the FAQ<\/a><\/p>\n\t\t\t\t<\/div>\r\n\t\t\t<\/div>\r\n\t\t<\/div>\r\n\t<\/div>\r\n<\/section>","protected":false},"excerpt":{"rendered":"","protected":false},"author":1,"featured_media":861,"parent":0,"menu_order":0,"comment_status":"closed","ping_status":"closed","template":"","meta":{"_acf_changed":false,"footnotes":""},"class_list":["post-4589","page","type-page","status-publish","has-post-thumbnail","hentry"],"acf":[],"_links":{"self":[{"href":"https:\/\/www.sherlock.ca\/en\/wp-json\/wp\/v2\/pages\/4589","targetHints":{"allow":["GET"]}}],"collection":[{"href":"https:\/\/www.sherlock.ca\/en\/wp-json\/wp\/v2\/pages"}],"about":[{"href":"https:\/\/www.sherlock.ca\/en\/wp-json\/wp\/v2\/types\/page"}],"author":[{"embeddable":true,"href":"https:\/\/www.sherlock.ca\/en\/wp-json\/wp\/v2\/users\/1"}],"replies":[{"embeddable":true,"href":"https:\/\/www.sherlock.ca\/en\/wp-json\/wp\/v2\/comments?post=4589"}],"version-history":[{"count":0,"href":"https:\/\/www.sherlock.ca\/en\/wp-json\/wp\/v2\/pages\/4589\/revisions"}],"wp:featuredmedia":[{"embeddable":true,"href":"https:\/\/www.sherlock.ca\/en\/wp-json\/wp\/v2\/media\/861"}],"wp:attachment":[{"href":"https:\/\/www.sherlock.ca\/en\/wp-json\/wp\/v2\/media?parent=4589"}],"curies":[{"name":"wp","href":"https:\/\/api.w.org\/{rel}","templated":true}]}}